{"id":1934,"date":"2025-03-28T18:18:35","date_gmt":"2025-03-28T18:18:35","guid":{"rendered":"https:\/\/imende.com\/registro\/?page_id=1934"},"modified":"2025-05-08T15:05:00","modified_gmt":"2025-05-08T21:05:00","slug":"home-2","status":"publish","type":"page","link":"https:\/\/imende.com\/articulos\/","title":{"rendered":"HOME"},"content":{"rendered":"\t\t<div data-elementor-type=\"wp-page\" data-elementor-id=\"1934\" class=\"elementor elementor-1934\" data-elementor-post-type=\"page\">\n\t\t\t\t<div class=\"elementor-element elementor-element-da4938c e-con-full e-flex e-con e-parent\" data-id=\"da4938c\" data-element_type=\"container\">\n\t\t<div class=\"elementor-element elementor-element-c0df2c0 e-flex e-con-boxed e-con e-child\" data-id=\"c0df2c0\" data-element_type=\"container\">\n\t\t\t\t\t<div class=\"e-con-inner\">\n\t\t\t\t<div class=\"elementor-element elementor-element-dbce1a5 elementor-grid-3 elementor-grid-tablet-2 elementor-grid-mobile-1 elementor-posts--thumbnail-top elementor-posts--show-avatar elementor-card-shadow-yes elementor-posts__hover-gradient elementor-widget elementor-widget-posts\" data-id=\"dbce1a5\" data-element_type=\"widget\" data-settings=\"{&quot;pagination_type&quot;:&quot;prev_next&quot;,&quot;cards_columns&quot;:&quot;3&quot;,&quot;cards_columns_tablet&quot;:&quot;2&quot;,&quot;cards_columns_mobile&quot;:&quot;1&quot;,&quot;cards_row_gap&quot;:{&quot;unit&quot;:&quot;px&quot;,&quot;size&quot;:35,&quot;sizes&quot;:[]},&quot;cards_row_gap_tablet&quot;:{&quot;unit&quot;:&quot;px&quot;,&quot;size&quot;:&quot;&quot;,&quot;sizes&quot;:[]},&quot;cards_row_gap_mobile&quot;:{&quot;unit&quot;:&quot;px&quot;,&quot;size&quot;:&quot;&quot;,&quot;sizes&quot;:[]}}\" data-widget_type=\"posts.cards\">\n\t\t\t\t<div class=\"elementor-widget-container\">\n\t\t\t\t\t\t\t<div class=\"elementor-posts-container elementor-posts elementor-posts--skin-cards elementor-grid\">\n\t\t\t\t<article class=\"elementor-post elementor-grid-item post-2064 post type-post status-publish format-standard has-post-thumbnail hentry category-capactiacion category-end\">\n\t\t\t<div class=\"elementor-post__card\">\n\t\t\t\t<a class=\"elementor-post__thumbnail__link\" href=\"https:\/\/imende.com\/articulos\/la-competencia-de-los-inspectores-de-ensayos-no-destructivos-parte-3\/\" tabindex=\"-1\" ><div class=\"elementor-post__thumbnail\"><img fetchpriority=\"high\" decoding=\"async\" width=\"300\" height=\"209\" src=\"https:\/\/imende.com\/articulos\/wp-content\/uploads\/2025\/05\/AULA-05-300x209.jpg\" class=\"attachment-medium size-medium wp-image-2065\" alt=\"\" srcset=\"https:\/\/imende.com\/articulos\/wp-content\/uploads\/2025\/05\/AULA-05-300x209.jpg 300w, https:\/\/imende.com\/articulos\/wp-content\/uploads\/2025\/05\/AULA-05-1024x713.jpg 1024w, https:\/\/imende.com\/articulos\/wp-content\/uploads\/2025\/05\/AULA-05-768x534.jpg 768w, https:\/\/imende.com\/articulos\/wp-content\/uploads\/2025\/05\/AULA-05-1536x1069.jpg 1536w, https:\/\/imende.com\/articulos\/wp-content\/uploads\/2025\/05\/AULA-05-2048x1425.jpg 2048w\" sizes=\"(max-width: 300px) 100vw, 300px\" \/><\/div><\/a>\n\t\t\t\t<div class=\"elementor-post__badge\">CAPACITACI\u00d3N<\/div>\n\t\t\t\t<div class=\"elementor-post__avatar\">\n\t\t\t<img alt='IMENDE, A.C.' src='https:\/\/secure.gravatar.com\/avatar\/28bc9d62deba9ce358c14f5a1d4eec19f52ebfcd437d8e85e5936bdd5d3b9eaf?s=128&#038;d=mm&#038;r=g' srcset='https:\/\/secure.gravatar.com\/avatar\/28bc9d62deba9ce358c14f5a1d4eec19f52ebfcd437d8e85e5936bdd5d3b9eaf?s=256&#038;d=mm&#038;r=g 2x' class='avatar avatar-128 photo' height='128' width='128' \/>\t\t<\/div>\n\t\t\t\t<div class=\"elementor-post__text\">\n\t\t\t\t<h3 class=\"elementor-post__title\">\n\t\t\t<a href=\"https:\/\/imende.com\/articulos\/la-competencia-de-los-inspectores-de-ensayos-no-destructivos-parte-3\/\" >\n\t\t\t\tLa Competencia De Los Inspectores De Ensayos No Destructivos Parte 3\t\t\t<\/a>\n\t\t<\/h3>\n\t\t\t\t<div class=\"elementor-post__excerpt\">\n\t\t\t<p>La educaci\u00f3n en el primer cuarto del tercer milenio Presentaci\u00f3n Hace ya varias d\u00e9cadas, comenc\u00e9 a trabajar como ayudante de un laboratorio de desarrollo de<\/p>\n\t\t<\/div>\n\t\t\n\t\t<a class=\"elementor-post__read-more\" href=\"https:\/\/imende.com\/articulos\/la-competencia-de-los-inspectores-de-ensayos-no-destructivos-parte-3\/\" aria-label=\"Read more about La Competencia De Los Inspectores De Ensayos No Destructivos Parte 3\" tabindex=\"-1\" >\n\t\t\tLeer m\u00e1s \u00bb\t\t<\/a>\n\n\t\t\t\t<\/div>\n\t\t\t\t<div class=\"elementor-post__meta-data\">\n\t\t\t\t\t<span class=\"elementor-post-date\">\n\t\t\tmayo 12, 2025\t\t<\/span>\n\t\t\t\t<span class=\"elementor-post-avatar\">\n\t\t\tNo hay comentarios\t\t<\/span>\n\t\t\t\t<\/div>\n\t\t\t\t\t<\/div>\n\t\t<\/article>\n\t\t\t\t<article class=\"elementor-post elementor-grid-item post-2060 post type-post status-publish format-standard has-post-thumbnail hentry category-capactiacion category-end\">\n\t\t\t<div class=\"elementor-post__card\">\n\t\t\t\t<a class=\"elementor-post__thumbnail__link\" href=\"https:\/\/imende.com\/articulos\/la-competencia-de-los-inspectores-de-ensayos-no-destructivos-parte-2\/\" tabindex=\"-1\" ><div class=\"elementor-post__thumbnail\"><img decoding=\"async\" width=\"300\" height=\"171\" src=\"https:\/\/imende.com\/articulos\/wp-content\/uploads\/2025\/05\/AULA-1-ART008-CERT-300x171.jpg\" class=\"attachment-medium size-medium wp-image-2061\" alt=\"\" srcset=\"https:\/\/imende.com\/articulos\/wp-content\/uploads\/2025\/05\/AULA-1-ART008-CERT-300x171.jpg 300w, https:\/\/imende.com\/articulos\/wp-content\/uploads\/2025\/05\/AULA-1-ART008-CERT.jpg 615w\" sizes=\"(max-width: 300px) 100vw, 300px\" \/><\/div><\/a>\n\t\t\t\t<div class=\"elementor-post__badge\">CAPACITACI\u00d3N<\/div>\n\t\t\t\t<div class=\"elementor-post__avatar\">\n\t\t\t<img alt='IMENDE, A.C.' src='https:\/\/secure.gravatar.com\/avatar\/28bc9d62deba9ce358c14f5a1d4eec19f52ebfcd437d8e85e5936bdd5d3b9eaf?s=128&#038;d=mm&#038;r=g' srcset='https:\/\/secure.gravatar.com\/avatar\/28bc9d62deba9ce358c14f5a1d4eec19f52ebfcd437d8e85e5936bdd5d3b9eaf?s=256&#038;d=mm&#038;r=g 2x' class='avatar avatar-128 photo' height='128' width='128' \/>\t\t<\/div>\n\t\t\t\t<div class=\"elementor-post__text\">\n\t\t\t\t<h3 class=\"elementor-post__title\">\n\t\t\t<a href=\"https:\/\/imende.com\/articulos\/la-competencia-de-los-inspectores-de-ensayos-no-destructivos-parte-2\/\" >\n\t\t\t\tLa Competencia De Los Inspectores De Ensayos No Destructivos Parte 2\t\t\t<\/a>\n\t\t<\/h3>\n\t\t\t\t<div class=\"elementor-post__excerpt\">\n\t\t\t<p>An\u00e1lisis de las diferentes opciones de capacitaci\u00f3n, esquema USA En esta recopilaci\u00f3n me voy a referir al tema de la capacitaci\u00f3n Imaginemos el siguiente escenario:<\/p>\n\t\t<\/div>\n\t\t\n\t\t<a class=\"elementor-post__read-more\" href=\"https:\/\/imende.com\/articulos\/la-competencia-de-los-inspectores-de-ensayos-no-destructivos-parte-2\/\" aria-label=\"Read more about La Competencia De Los Inspectores De Ensayos No Destructivos Parte 2\" tabindex=\"-1\" >\n\t\t\tLeer m\u00e1s \u00bb\t\t<\/a>\n\n\t\t\t\t<\/div>\n\t\t\t\t<div class=\"elementor-post__meta-data\">\n\t\t\t\t\t<span class=\"elementor-post-date\">\n\t\t\tmayo 12, 2025\t\t<\/span>\n\t\t\t\t<span class=\"elementor-post-avatar\">\n\t\t\tNo hay comentarios\t\t<\/span>\n\t\t\t\t<\/div>\n\t\t\t\t\t<\/div>\n\t\t<\/article>\n\t\t\t\t<article class=\"elementor-post elementor-grid-item post-2055 post type-post status-publish format-standard has-post-thumbnail hentry category-capactiacion category-end\">\n\t\t\t<div class=\"elementor-post__card\">\n\t\t\t\t<a class=\"elementor-post__thumbnail__link\" href=\"https:\/\/imende.com\/articulos\/la-competencia-de-los-inspectores-de-ensayos-no-destructivos\/\" tabindex=\"-1\" ><div class=\"elementor-post__thumbnail\"><img decoding=\"async\" width=\"300\" height=\"200\" src=\"https:\/\/imende.com\/articulos\/wp-content\/uploads\/2025\/05\/competencia-300x200.jpg\" class=\"attachment-medium size-medium wp-image-2056\" alt=\"\" srcset=\"https:\/\/imende.com\/articulos\/wp-content\/uploads\/2025\/05\/competencia-300x200.jpg 300w, https:\/\/imende.com\/articulos\/wp-content\/uploads\/2025\/05\/competencia.jpg 448w\" sizes=\"(max-width: 300px) 100vw, 300px\" \/><\/div><\/a>\n\t\t\t\t<div class=\"elementor-post__badge\">CAPACITACI\u00d3N<\/div>\n\t\t\t\t<div class=\"elementor-post__avatar\">\n\t\t\t<img alt='IMENDE, A.C.' src='https:\/\/secure.gravatar.com\/avatar\/28bc9d62deba9ce358c14f5a1d4eec19f52ebfcd437d8e85e5936bdd5d3b9eaf?s=128&#038;d=mm&#038;r=g' srcset='https:\/\/secure.gravatar.com\/avatar\/28bc9d62deba9ce358c14f5a1d4eec19f52ebfcd437d8e85e5936bdd5d3b9eaf?s=256&#038;d=mm&#038;r=g 2x' class='avatar avatar-128 photo' height='128' width='128' \/>\t\t<\/div>\n\t\t\t\t<div class=\"elementor-post__text\">\n\t\t\t\t<h3 class=\"elementor-post__title\">\n\t\t\t<a href=\"https:\/\/imende.com\/articulos\/la-competencia-de-los-inspectores-de-ensayos-no-destructivos\/\" >\n\t\t\t\tLa Competencia De Los Inspectores De Ensayos No Destructivos\t\t\t<\/a>\n\t\t<\/h3>\n\t\t\t\t<div class=\"elementor-post__excerpt\">\n\t\t\t<p>El Caso del M\u00e9todo De L\u00edquidos Penetrantes Presentaci\u00f3n Se sabe que los ensayos con l\u00edquidos penetrantes son relativamente f\u00e1ciles de realizar, pero requieren t\u00e9cnicos capacitados<\/p>\n\t\t<\/div>\n\t\t\n\t\t<a class=\"elementor-post__read-more\" href=\"https:\/\/imende.com\/articulos\/la-competencia-de-los-inspectores-de-ensayos-no-destructivos\/\" aria-label=\"Read more about La Competencia De Los Inspectores De Ensayos No Destructivos\" tabindex=\"-1\" >\n\t\t\tLeer m\u00e1s \u00bb\t\t<\/a>\n\n\t\t\t\t<\/div>\n\t\t\t\t<div class=\"elementor-post__meta-data\">\n\t\t\t\t\t<span class=\"elementor-post-date\">\n\t\t\tmayo 12, 2025\t\t<\/span>\n\t\t\t\t<span class=\"elementor-post-avatar\">\n\t\t\tNo hay comentarios\t\t<\/span>\n\t\t\t\t<\/div>\n\t\t\t\t\t<\/div>\n\t\t<\/article>\n\t\t\t\t<article class=\"elementor-post elementor-grid-item post-2050 post type-post status-publish format-standard has-post-thumbnail hentry category-capactiacion category-end\">\n\t\t\t<div class=\"elementor-post__card\">\n\t\t\t\t<a class=\"elementor-post__thumbnail__link\" href=\"https:\/\/imende.com\/articulos\/la-revolucion-de-la-capacitacion-del-personal-de-ensayos-no-destructivos-end\/\" tabindex=\"-1\" ><div class=\"elementor-post__thumbnail\"><img loading=\"lazy\" decoding=\"async\" width=\"300\" height=\"199\" src=\"https:\/\/imende.com\/articulos\/wp-content\/uploads\/2025\/05\/capacitacion-300x199.jpg\" class=\"attachment-medium size-medium wp-image-2051\" alt=\"\" srcset=\"https:\/\/imende.com\/articulos\/wp-content\/uploads\/2025\/05\/capacitacion-300x199.jpg 300w, https:\/\/imende.com\/articulos\/wp-content\/uploads\/2025\/05\/capacitacion-768x508.jpg 768w, https:\/\/imende.com\/articulos\/wp-content\/uploads\/2025\/05\/capacitacion.jpg 958w\" sizes=\"(max-width: 300px) 100vw, 300px\" \/><\/div><\/a>\n\t\t\t\t<div class=\"elementor-post__badge\">CAPACITACI\u00d3N<\/div>\n\t\t\t\t<div class=\"elementor-post__avatar\">\n\t\t\t<img alt='IMENDE, A.C.' src='https:\/\/secure.gravatar.com\/avatar\/28bc9d62deba9ce358c14f5a1d4eec19f52ebfcd437d8e85e5936bdd5d3b9eaf?s=128&#038;d=mm&#038;r=g' srcset='https:\/\/secure.gravatar.com\/avatar\/28bc9d62deba9ce358c14f5a1d4eec19f52ebfcd437d8e85e5936bdd5d3b9eaf?s=256&#038;d=mm&#038;r=g 2x' class='avatar avatar-128 photo' height='128' width='128' \/>\t\t<\/div>\n\t\t\t\t<div class=\"elementor-post__text\">\n\t\t\t\t<h3 class=\"elementor-post__title\">\n\t\t\t<a href=\"https:\/\/imende.com\/articulos\/la-revolucion-de-la-capacitacion-del-personal-de-ensayos-no-destructivos-end\/\" >\n\t\t\t\tLa Revoluci\u00f3n De La Capacitaci\u00f3n Del Personal De Ensayos No Destructivos END\t\t\t<\/a>\n\t\t<\/h3>\n\t\t\t\t<div class=\"elementor-post__excerpt\">\n\t\t\t<p>Presentaci\u00f3n La tecnolog\u00eda de los ensayos no destructivos ha experimentado un crecimiento exponencial en los \u00faltimos cinco lustros y se prev\u00e9 que este crecimiento contin\u00fae<\/p>\n\t\t<\/div>\n\t\t\n\t\t<a class=\"elementor-post__read-more\" href=\"https:\/\/imende.com\/articulos\/la-revolucion-de-la-capacitacion-del-personal-de-ensayos-no-destructivos-end\/\" aria-label=\"Read more about La Revoluci\u00f3n De La Capacitaci\u00f3n Del Personal De Ensayos No Destructivos END\" tabindex=\"-1\" >\n\t\t\tLeer m\u00e1s \u00bb\t\t<\/a>\n\n\t\t\t\t<\/div>\n\t\t\t\t<div class=\"elementor-post__meta-data\">\n\t\t\t\t\t<span class=\"elementor-post-date\">\n\t\t\tmayo 12, 2025\t\t<\/span>\n\t\t\t\t<span class=\"elementor-post-avatar\">\n\t\t\tNo hay comentarios\t\t<\/span>\n\t\t\t\t<\/div>\n\t\t\t\t\t<\/div>\n\t\t<\/article>\n\t\t\t\t<article class=\"elementor-post elementor-grid-item post-2043 post type-post status-publish format-standard has-post-thumbnail hentry category-wis\">\n\t\t\t<div class=\"elementor-post__card\">\n\t\t\t\t<a class=\"elementor-post__thumbnail__link\" href=\"https:\/\/imende.com\/articulos\/recomendaciones-sobre-el-flamazo-del-ojo-o-flash-del-soldador\/\" tabindex=\"-1\" ><div class=\"elementor-post__thumbnail\"><img loading=\"lazy\" decoding=\"async\" width=\"300\" height=\"300\" src=\"https:\/\/imende.com\/articulos\/wp-content\/uploads\/2025\/05\/SEG-IND-ART-04-300x300.jpg\" class=\"attachment-medium size-medium wp-image-2044\" alt=\"\" srcset=\"https:\/\/imende.com\/articulos\/wp-content\/uploads\/2025\/05\/SEG-IND-ART-04-300x300.jpg 300w, https:\/\/imende.com\/articulos\/wp-content\/uploads\/2025\/05\/SEG-IND-ART-04-150x150.jpg 150w, https:\/\/imende.com\/articulos\/wp-content\/uploads\/2025\/05\/SEG-IND-ART-04-768x768.jpg 768w, https:\/\/imende.com\/articulos\/wp-content\/uploads\/2025\/05\/SEG-IND-ART-04.jpg 960w\" sizes=\"(max-width: 300px) 100vw, 300px\" \/><\/div><\/a>\n\t\t\t\t<div class=\"elementor-post__badge\">WIS<\/div>\n\t\t\t\t<div class=\"elementor-post__avatar\">\n\t\t\t<img alt='IMENDE, A.C.' src='https:\/\/secure.gravatar.com\/avatar\/28bc9d62deba9ce358c14f5a1d4eec19f52ebfcd437d8e85e5936bdd5d3b9eaf?s=128&#038;d=mm&#038;r=g' srcset='https:\/\/secure.gravatar.com\/avatar\/28bc9d62deba9ce358c14f5a1d4eec19f52ebfcd437d8e85e5936bdd5d3b9eaf?s=256&#038;d=mm&#038;r=g 2x' class='avatar avatar-128 photo' height='128' width='128' \/>\t\t<\/div>\n\t\t\t\t<div class=\"elementor-post__text\">\n\t\t\t\t<h3 class=\"elementor-post__title\">\n\t\t\t<a href=\"https:\/\/imende.com\/articulos\/recomendaciones-sobre-el-flamazo-del-ojo-o-flash-del-soldador\/\" >\n\t\t\t\tRecomendaciones sobre el flamazo del ojo o flash del soldador\t\t\t<\/a>\n\t\t<\/h3>\n\t\t\t\t<div class=\"elementor-post__excerpt\">\n\t\t\t<p>Presentaci\u00f3n Cuando estamos trabajando con el proceso de soldadura, tanto el soldador como el inspector deben tomar precauciones para evitar accidentes que pueden tener consecuencias<\/p>\n\t\t<\/div>\n\t\t\n\t\t<a class=\"elementor-post__read-more\" href=\"https:\/\/imende.com\/articulos\/recomendaciones-sobre-el-flamazo-del-ojo-o-flash-del-soldador\/\" aria-label=\"Read more about Recomendaciones sobre el flamazo del ojo o flash del soldador\" tabindex=\"-1\" >\n\t\t\tLeer m\u00e1s \u00bb\t\t<\/a>\n\n\t\t\t\t<\/div>\n\t\t\t\t<div class=\"elementor-post__meta-data\">\n\t\t\t\t\t<span class=\"elementor-post-date\">\n\t\t\tmayo 12, 2025\t\t<\/span>\n\t\t\t\t<span class=\"elementor-post-avatar\">\n\t\t\tNo hay comentarios\t\t<\/span>\n\t\t\t\t<\/div>\n\t\t\t\t\t<\/div>\n\t\t<\/article>\n\t\t\t\t<article class=\"elementor-post elementor-grid-item post-2038 post type-post status-publish format-standard has-post-thumbnail hentry category-end\">\n\t\t\t<div class=\"elementor-post__card\">\n\t\t\t\t<a class=\"elementor-post__thumbnail__link\" href=\"https:\/\/imende.com\/articulos\/los-ensayos-no-destructivos-cpp-asion-para-toda-la-vida\/\" tabindex=\"-1\" ><div class=\"elementor-post__thumbnail\"><img loading=\"lazy\" decoding=\"async\" width=\"300\" height=\"225\" src=\"https:\/\/imende.com\/articulos\/wp-content\/uploads\/2025\/05\/SUBMARINO-ART-003-300x225.png\" class=\"attachment-medium size-medium wp-image-2041\" alt=\"\" srcset=\"https:\/\/imende.com\/articulos\/wp-content\/uploads\/2025\/05\/SUBMARINO-ART-003-300x225.png 300w, https:\/\/imende.com\/articulos\/wp-content\/uploads\/2025\/05\/SUBMARINO-ART-003-1024x769.png 1024w, https:\/\/imende.com\/articulos\/wp-content\/uploads\/2025\/05\/SUBMARINO-ART-003-768x577.png 768w, https:\/\/imende.com\/articulos\/wp-content\/uploads\/2025\/05\/SUBMARINO-ART-003.png 1054w\" sizes=\"(max-width: 300px) 100vw, 300px\" \/><\/div><\/a>\n\t\t\t\t<div class=\"elementor-post__badge\">END<\/div>\n\t\t\t\t<div class=\"elementor-post__avatar\">\n\t\t\t<img alt='IMENDE, A.C.' src='https:\/\/secure.gravatar.com\/avatar\/28bc9d62deba9ce358c14f5a1d4eec19f52ebfcd437d8e85e5936bdd5d3b9eaf?s=128&#038;d=mm&#038;r=g' srcset='https:\/\/secure.gravatar.com\/avatar\/28bc9d62deba9ce358c14f5a1d4eec19f52ebfcd437d8e85e5936bdd5d3b9eaf?s=256&#038;d=mm&#038;r=g 2x' class='avatar avatar-128 photo' height='128' width='128' \/>\t\t<\/div>\n\t\t\t\t<div class=\"elementor-post__text\">\n\t\t\t\t<h3 class=\"elementor-post__title\">\n\t\t\t<a href=\"https:\/\/imende.com\/articulos\/los-ensayos-no-destructivos-cpp-asion-para-toda-la-vida\/\" >\n\t\t\t\tLos Ensayos No Destructivos pasi\u00f3n para toda la vida\t\t\t<\/a>\n\t\t<\/h3>\n\t\t\t\t<div class=\"elementor-post__excerpt\">\n\t\t\t<p>Presentaci\u00f3n. Al estar revisando algunas historias de las aplicaciones de los ensayos no destructivos, encontr\u00e9 este art\u00edculo que habla de la importancia de aplicar siempre<\/p>\n\t\t<\/div>\n\t\t\n\t\t<a class=\"elementor-post__read-more\" href=\"https:\/\/imende.com\/articulos\/los-ensayos-no-destructivos-cpp-asion-para-toda-la-vida\/\" aria-label=\"Read more about Los Ensayos No Destructivos pasi\u00f3n para toda la vida\" tabindex=\"-1\" >\n\t\t\tLeer m\u00e1s \u00bb\t\t<\/a>\n\n\t\t\t\t<\/div>\n\t\t\t\t<div class=\"elementor-post__meta-data\">\n\t\t\t\t\t<span class=\"elementor-post-date\">\n\t\t\tmayo 8, 2025\t\t<\/span>\n\t\t\t\t<span class=\"elementor-post-avatar\">\n\t\t\tNo hay comentarios\t\t<\/span>\n\t\t\t\t<\/div>\n\t\t\t\t\t<\/div>\n\t\t<\/article>\n\t\t\t\t<\/div>\n\t\t\n\t\t\t\t<div class=\"e-load-more-anchor\" data-page=\"1\" data-max-page=\"2\" data-next-page=\"https:\/\/imende.com\/articulos\/wp-json\/wp\/v2\/pages\/1934\/page\/2\/\"><\/div>\n\t\t\t\t<nav class=\"elementor-pagination\" aria-label=\"Pagination\">\n\t\t\t<span class=\"page-numbers prev\">&laquo; Previous<\/span>\n<a class=\"page-numbers next\" href=\"https:\/\/imende.com\/articulos\/wp-json\/wp\/v2\/pages\/1934\/page\/2\/\">Next &raquo;<\/a>\t\t<\/nav>\n\t\t\t\t\t\t<\/div>\n\t\t\t\t<\/div>\n\t\t\t\t\t<\/div>\n\t\t\t\t<\/div>\n\t\t\t\t<\/div>\n\t\t\t\t<\/div>\n\t\t","protected":false},"excerpt":{"rendered":"","protected":false},"author":1,"featured_media":0,"parent":0,"menu_order":0,"comment_status":"closed","ping_status":"closed","template":"","meta":{"site-sidebar-layout":"no-sidebar","site-content-layout":"page-builder","ast-site-content-layout":"full-width-container","site-content-style":"default","site-sidebar-style":"default","ast-global-header-display":"","ast-banner-title-visibility":"","ast-main-header-display":"","ast-hfb-above-header-display":"","ast-hfb-below-header-display":"","ast-hfb-mobile-header-display":"","site-post-title":"disabled","ast-breadcrumbs-content":"","ast-featured-img":"disabled","footer-sml-layout":"","theme-transparent-header-meta":"","adv-header-id-meta":"","stick-header-meta":"","header-above-stick-meta":"","header-main-stick-meta":"","header-below-stick-meta":"","astra-migrate-meta-layouts":"set","ast-page-background-enabled":"default","ast-page-background-meta":{"desktop":{"background-color":"","background-image":"","background-repeat":"repeat","background-position":"center center","background-size":"auto","background-attachment":"scroll","background-type":"","background-media":"","overlay-type":"","overlay-color":"","overlay-opacity":"","overlay-gradient":""},"tablet":{"background-color":"","background-image":"","background-repeat":"repeat","background-position":"center center","background-size":"auto","background-attachment":"scroll","background-type":"","background-media":"","overlay-type":"","overlay-color":"","overlay-opacity":"","overlay-gradient":""},"mobile":{"background-color":"","background-image":"","background-repeat":"repeat","background-position":"center center","background-size":"auto","background-attachment":"scroll","background-type":"","background-media":"","overlay-type":"","overlay-color":"","overlay-opacity":"","overlay-gradient":""}},"ast-content-background-meta":{"desktop":{"background-color":"var(--ast-global-color-5)","background-image":"","background-repeat":"repeat","background-position":"center center","background-size":"auto","background-attachment":"scroll","background-type":"","background-media":"","overlay-type":"","overlay-color":"","overlay-opacity":"","overlay-gradient":""},"tablet":{"background-color":"var(--ast-global-color-5)","background-image":"","background-repeat":"repeat","background-position":"center center","background-size":"auto","background-attachment":"scroll","background-type":"","background-media":"","overlay-type":"","overlay-color":"","overlay-opacity":"","overlay-gradient":""},"mobile":{"background-color":"var(--ast-global-color-5)","background-image":"","background-repeat":"repeat","background-position":"center center","background-size":"auto","background-attachment":"scroll","background-type":"","background-media":"","overlay-type":"","overlay-color":"","overlay-opacity":"","overlay-gradient":""}},"footnotes":""},"class_list":["post-1934","page","type-page","status-publish","hentry"],"_links":{"self":[{"href":"https:\/\/imende.com\/articulos\/wp-json\/wp\/v2\/pages\/1934","targetHints":{"allow":["GET"]}}],"collection":[{"href":"https:\/\/imende.com\/articulos\/wp-json\/wp\/v2\/pages"}],"about":[{"href":"https:\/\/imende.com\/articulos\/wp-json\/wp\/v2\/types\/page"}],"author":[{"embeddable":true,"href":"https:\/\/imende.com\/articulos\/wp-json\/wp\/v2\/users\/1"}],"replies":[{"embeddable":true,"href":"https:\/\/imende.com\/articulos\/wp-json\/wp\/v2\/comments?post=1934"}],"version-history":[{"count":7,"href":"https:\/\/imende.com\/articulos\/wp-json\/wp\/v2\/pages\/1934\/revisions"}],"predecessor-version":[{"id":2029,"href":"https:\/\/imende.com\/articulos\/wp-json\/wp\/v2\/pages\/1934\/revisions\/2029"}],"wp:attachment":[{"href":"https:\/\/imende.com\/articulos\/wp-json\/wp\/v2\/media?parent=1934"}],"curies":[{"name":"wp","href":"https:\/\/api.w.org\/{rel}","templated":true}]}}